{"id":281243,"date":"2026-03-28T10:57:33","date_gmt":"2026-03-28T03:57:33","guid":{"rendered":"https:\/\/www.franco-media.com\/price-list\/"},"modified":"2026-05-02T19:31:48","modified_gmt":"2026-05-02T12:31:48","slug":"price-list","status":"publish","type":"page","link":"https:\/\/www.franco-media.com\/en\/price-list\/","title":{"rendered":"Price List"},"content":{"rendered":"","protected":true},"excerpt":{"rendered":"","protected":true},"author":1,"featured_media":281244,"parent":0,"menu_order":0,"comment_status":"closed","ping_status":"closed","template":"","meta":{"footnotes":""},"class_list":["post-281243","page","type-page","status-publish","post-password-required","hentry"],"yoast_head":"<!-- This site is optimized with the Yoast SEO Premium plugin v27.5 (Yoast SEO v27.5) - https:\/\/yoast.com\/product\/yoast-seo-premium-wordpress\/ -->\n<title>Price List - Phuket Francophone Magazine<\/title>\n<meta name=\"robots\" content=\"index, follow, max-snippet:-1, max-image-preview:large, max-video-preview:-1\" \/>\n<link rel=\"canonical\" href=\"https:\/\/www.franco-media.com\/en\/price-list\/\" \/>\n<meta property=\"og:locale\" content=\"en_US\" \/>\n<meta property=\"og:type\" content=\"article\" \/>\n<meta property=\"og:title\" content=\"Price List\" \/>\n<meta property=\"og:description\" content=\"There is no excerpt because this is a protected post.\" \/>\n<meta property=\"og:url\" content=\"https:\/\/www.franco-media.com\/en\/price-list\/\" \/>\n<meta property=\"og:site_name\" content=\"Phuket Francophone Magazine\" \/>\n<meta property=\"article:modified_time\" content=\"2026-05-02T12:31:48+00:00\" \/>\n<meta name=\"twitter:card\" content=\"summary_large_image\" \/>\n<meta name=\"twitter:label1\" content=\"Est. reading time\" \/>\n\t<meta name=\"twitter:data1\" content=\"4 minutes\" \/>\n<script type=\"application\/ld+json\" class=\"yoast-schema-graph\">{\"@context\":\"https:\\\/\\\/schema.org\",\"@graph\":[{\"@type\":\"WebPage\",\"@id\":\"https:\\\/\\\/www.franco-media.com\\\/en\\\/price-list\\\/\",\"url\":\"https:\\\/\\\/www.franco-media.com\\\/en\\\/price-list\\\/\",\"name\":\"Price List - Phuket Francophone Magazine\",\"isPartOf\":{\"@id\":\"https:\\\/\\\/www.franco-media.com\\\/en\\\/#website\"},\"datePublished\":\"2026-03-28T03:57:33+00:00\",\"dateModified\":\"2026-05-02T12:31:48+00:00\",\"breadcrumb\":{\"@id\":\"https:\\\/\\\/www.franco-media.com\\\/en\\\/price-list\\\/#breadcrumb\"},\"inLanguage\":\"en-US\"},{\"@type\":\"WebSite\",\"@id\":\"https:\\\/\\\/www.franco-media.com\\\/en\\\/#website\",\"url\":\"https:\\\/\\\/www.franco-media.com\\\/en\\\/\",\"name\":\"Phuket Francophone Magazine\",\"description\":\"Informations g\u00e9n\u00e9rales sur Phuket, Tha\u00eflande\",\"publisher\":{\"@id\":\"https:\\\/\\\/www.franco-media.com\\\/en\\\/#organization\"},\"potentialAction\":[{\"@type\":\"SearchAction\",\"target\":{\"@type\":\"EntryPoint\",\"urlTemplate\":\"https:\\\/\\\/www.franco-media.com\\\/en\\\/?s={search_term_string}\"},\"query-input\":{\"@type\":\"PropertyValueSpecification\",\"valueRequired\":true,\"valueName\":\"search_term_string\"}}],\"inLanguage\":\"en-US\"},{\"@type\":\"Organization\",\"@id\":\"https:\\\/\\\/www.franco-media.com\\\/en\\\/#organization\",\"name\":\"Phuket Francophone Magazine\",\"url\":\"https:\\\/\\\/www.franco-media.com\\\/en\\\/\",\"logo\":{\"@type\":\"ImageObject\",\"inLanguage\":\"en-US\",\"@id\":\"https:\\\/\\\/www.franco-media.com\\\/en\\\/#\\\/schema\\\/logo\\\/image\\\/\",\"url\":\"https:\\\/\\\/www.franco-media.com\\\/wp-content\\\/uploads\\\/2019\\\/08\\\/cropped-LOGO-transp.png\",\"contentUrl\":\"https:\\\/\\\/www.franco-media.com\\\/wp-content\\\/uploads\\\/2019\\\/08\\\/cropped-LOGO-transp.png\",\"width\":1606,\"height\":696,\"caption\":\"Phuket Francophone Magazine\"},\"image\":{\"@id\":\"https:\\\/\\\/www.franco-media.com\\\/en\\\/#\\\/schema\\\/logo\\\/image\\\/\"}}]}<\/script>\n<!-- \/ Yoast SEO Premium plugin. -->","yoast_head_json":{"title":"Price List - Phuket Francophone Magazine","robots":{"index":"index","follow":"follow","max-snippet":"max-snippet:-1","max-image-preview":"max-image-preview:large","max-video-preview":"max-video-preview:-1"},"canonical":"https:\/\/www.franco-media.com\/en\/price-list\/","og_locale":"en_US","og_type":"article","og_title":"Price List","og_description":"There is no excerpt because this is a protected post.","og_url":"https:\/\/www.franco-media.com\/en\/price-list\/","og_site_name":"Phuket Francophone Magazine","article_modified_time":"2026-05-02T12:31:48+00:00","twitter_card":"summary_large_image","twitter_misc":{"Est. reading time":"4 minutes"},"schema":{"@context":"https:\/\/schema.org","@graph":[{"@type":"WebPage","@id":"https:\/\/www.franco-media.com\/en\/price-list\/","url":"https:\/\/www.franco-media.com\/en\/price-list\/","name":"Price List - Phuket Francophone Magazine","isPartOf":{"@id":"https:\/\/www.franco-media.com\/en\/#website"},"datePublished":"2026-03-28T03:57:33+00:00","dateModified":"2026-05-02T12:31:48+00:00","breadcrumb":{"@id":"https:\/\/www.franco-media.com\/en\/price-list\/#breadcrumb"},"inLanguage":"en-US"},{"@type":"WebSite","@id":"https:\/\/www.franco-media.com\/en\/#website","url":"https:\/\/www.franco-media.com\/en\/","name":"Phuket Francophone Magazine","description":"Informations g\u00e9n\u00e9rales sur Phuket, Tha\u00eflande","publisher":{"@id":"https:\/\/www.franco-media.com\/en\/#organization"},"potentialAction":[{"@type":"SearchAction","target":{"@type":"EntryPoint","urlTemplate":"https:\/\/www.franco-media.com\/en\/?s={search_term_string}"},"query-input":{"@type":"PropertyValueSpecification","valueRequired":true,"valueName":"search_term_string"}}],"inLanguage":"en-US"},{"@type":"Organization","@id":"https:\/\/www.franco-media.com\/en\/#organization","name":"Phuket Francophone Magazine","url":"https:\/\/www.franco-media.com\/en\/","logo":{"@type":"ImageObject","inLanguage":"en-US","@id":"https:\/\/www.franco-media.com\/en\/#\/schema\/logo\/image\/","url":"https:\/\/www.franco-media.com\/wp-content\/uploads\/2019\/08\/cropped-LOGO-transp.png","contentUrl":"https:\/\/www.franco-media.com\/wp-content\/uploads\/2019\/08\/cropped-LOGO-transp.png","width":1606,"height":696,"caption":"Phuket Francophone Magazine"},"image":{"@id":"https:\/\/www.franco-media.com\/en\/#\/schema\/logo\/image\/"}}]}},"_links":{"self":[{"href":"https:\/\/www.franco-media.com\/en\/wp-json\/wp\/v2\/pages\/281243","targetHints":{"allow":["GET"]}}],"collection":[{"href":"https:\/\/www.franco-media.com\/en\/wp-json\/wp\/v2\/pages"}],"about":[{"href":"https:\/\/www.franco-media.com\/en\/wp-json\/wp\/v2\/types\/page"}],"author":[{"embeddable":true,"href":"https:\/\/www.franco-media.com\/en\/wp-json\/wp\/v2\/users\/1"}],"replies":[{"embeddable":true,"href":"https:\/\/www.franco-media.com\/en\/wp-json\/wp\/v2\/comments?post=281243"}],"version-history":[{"count":3,"href":"https:\/\/www.franco-media.com\/en\/wp-json\/wp\/v2\/pages\/281243\/revisions"}],"predecessor-version":[{"id":281249,"href":"https:\/\/www.franco-media.com\/en\/wp-json\/wp\/v2\/pages\/281243\/revisions\/281249"}],"wp:featuredmedia":[{"embeddable":true,"href":"https:\/\/www.franco-media.com\/en\/wp-json\/wp\/v2\/media\/281244"}],"wp:attachment":[{"href":"https:\/\/www.franco-media.com\/en\/wp-json\/wp\/v2\/media?parent=281243"}],"curies":[{"name":"wp","href":"https:\/\/api.w.org\/{rel}","templated":true}]}}