{"id":158906,"date":"2024-05-22T16:45:28","date_gmt":"2024-05-22T09:45:28","guid":{"rendered":"https:\/\/www.franco-media.com\/?page_id=158906"},"modified":"2024-06-30T21:42:34","modified_gmt":"2024-06-30T14:42:34","slug":"golf-pro-shop-phuket-country-club-thailand","status":"publish","type":"page","link":"https:\/\/www.franco-media.com\/en\/sports-in-phuket-biking-cycling-phuket\/golf-pro-shop-phuket-country-club-thailand\/","title":{"rendered":"Golf Pro Shop @ Phuket Country Club"},"content":{"rendered":"<div class=\"wpb-content-wrapper\">[vc_row][vc_column][vc_custom_heading text=&#8221;Golf Pro Shop&#8221; font_container=&#8221;tag:h1|text_align:left&#8221; use_theme_fonts=&#8221;yes&#8221; css=&#8221;&#8221;][vc_custom_heading text=&#8221;@ Phuket Country Club&#8221; font_container=&#8221;tag:h6|text_align:left&#8221; use_theme_fonts=&#8221;yes&#8221; css=&#8221;&#8221;][vc_column_text][easymedia-fotorama med=&#8221;1824&#8243;][\/vc_column_text][\/vc_column][\/vc_row][vc_row][vc_column][vc_column_text css_animation=&#8221;right-to-left&#8221; css=&#8221;&#8221;]\n<div id=\"attachment_2062\" style=\"width: 310px\" class=\"wp-caption alignleft\"><img loading=\"lazy\" decoding=\"async\" aria-describedby=\"caption-attachment-2062\" class=\"size-medium wp-image-2062\" src=\"https:\/\/www.franco-media.com\/wp-content\/uploads\/2018\/02\/Michael-Glass-Phuket-Country-Club-300x234.jpg\" alt=\"\" width=\"300\" height=\"234\" srcset=\"https:\/\/www.franco-media.com\/wp-content\/uploads\/2018\/02\/Michael-Glass-Phuket-Country-Club-300x234.jpg 300w, https:\/\/www.franco-media.com\/wp-content\/uploads\/2018\/02\/Michael-Glass-Phuket-Country-Club.jpg 342w\" sizes=\"auto, (max-width: 300px) 100vw, 300px\" \/><p id=\"caption-attachment-2062\" class=\"wp-caption-text\">Michael Glass : directeur au Phuket Country Club<\/p><\/div>\n<p>In this establishment, patrons are granted the autonomy to conduct their shopping unencumbered by unsolicited recommendations or product suggestions, unless they request such assistance.<\/p>\n<p>One will encounter an extensive assortment of accessories, clubs, and climate-appropriate attire, all offered within a tranquil setting.<\/p>\n<p>Managed by Michael Glass, a New Yorker at the helm for thirty-eight years in Phuket, this venue also serves as a repository of valuable technical knowledge imparted by a professional with a longstanding zeal for golf.<\/p>\n<p><span style=\"color: #999999; font-family: arial, helvetica, sans-serif; font-size: 10px;\">Golf Pro Shop Phuket<\/span>[\/vc_column_text][\/vc_column][\/vc_row][vc_row full_height=&#8221;yes&#8221; equal_height=&#8221;yes&#8221;][vc_column][vc_custom_heading text=&#8221;The perfect spot to take a break and replenish your golf bag&#8221; use_theme_fonts=&#8221;yes&#8221; css=&#8221;&#8221;][vc_custom_heading text=&#8221;Our services include:&#8221; font_container=&#8221;tag:h4|text_align:left&#8221; use_theme_fonts=&#8221;yes&#8221; css=&#8221;&#8221;][vc_column_text css=&#8221;&#8221;]<div class=\"su-list\" style=\"margin-left:0px\">\n<ul>\n<li><i class=\"sui sui-check-circle-o\" style=\"color:#00C1CF \"><\/i> <strong><span style=\"font-family: Roboto;\">FITTING CENTER: Everything you require for altering or customizing your golf clubs.<\/span><\/strong><\/li>\n<li><i class=\"sui sui-check-circle-o\" style=\"color:#00C1CF \"><\/i> <strong><span style=\"font-family: Roboto;\">LAUNCH MONITOR: A convenient instrument to assess your swing speed and experiment with your clubs.<\/span><\/strong><\/li>\n<\/ul>\n<\/div>[\/vc_column_text][vc_column_text css_animation=&#8221;appear&#8221;]\n<div class=\"youtube-responsive-container\"><iframe loading=\"lazy\" src=\"https:\/\/www.youtube.com\/embed\/ah-dVOBO2d0\" width=\"700\" height=\"450\" frameborder=\"0\" allowfullscreen=\"allowfullscreen\"><\/iframe><\/div>\n[\/vc_column_text][\/vc_column][\/vc_row][vc_row][vc_column][vc_separator][vc_column_text]\r\n    <!-- START Dynamic CSS for Form ID: 1843 -->\r\n    <style>#ecf-form-agxmqy .ecf-form .input input, #ecf-form-agxmqy .ecf-form .select select, #ecf-form-agxmqy .ecf-form .textarea textarea, #ecf-form-agxmqy .ecf-form .radio i, #ecf-form-agxmqy .ecf-form .checkbox i, #ecf-form-agxmqy .ecf-form .toggle i, #ecf-form-agxmqy .ecf-form .ecficon-append, #ecf-form-agxmqy .ecf-form .ecficon-prepend { color: #404040 !important;}\n#ecf-form-agxmqy .ecf-form  .state-success.input input, #ecf-form-agxmqy .ecf-form .state-success.select select, #ecf-form-agxmqy .ecf-form .state-success.textarea textarea, #ecf-form-agxmqy .ecf-form .state-success.radio i, #ecf-form-agxmqy .ecf-form .state-success.checkbox i, #ecf-form-agxmqy .ecf-form .state-success.toggle i, #ecf-form-agxmqy .ecf-form .state-success .ecficon-append, #ecf-form-agxmqy .ecf-form .state-success .ecficon-prepend { background: #f0fff0 !important;}\n#ecf-form-agxmqy .ecf-form  .state-error.input input, #ecf-form-agxmqy .ecf-form .state-error.select select, #ecf-form-agxmqy .ecf-form .state-error.textarea textarea, #ecf-form-agxmqy .ecf-form .state-error.radio i, #ecf-form-agxmqy .ecf-form .state-error.checkbox i, #ecf-form-agxmqy .ecf-form .state-error.toggle i, #ecf-form-agxmqy .ecf-form .state-error .ecficon-append, #ecf-form-agxmqy .ecf-form .state-error .ecficon-prepend { background: #fff3f3 !important;}\n#ecf-form-agxmqy .ecf-form .ecficon-prepend { color: #CCC !important;}\n#ecf-form-agxmqy .ecf-form .input input, #ecf-form-agxmqy .ecf-form .select select, #ecf-form-agxmqy .ecf-form .textarea textarea, #ecf-form-agxmqy .ecf-form .radio i, #ecf-form-agxmqy .ecf-form .checkbox i, #ecf-form-agxmqy .ecf-form .toggle i, #ecf-form-agxmqy .ecf-form .ecficon-append, #ecf-form-agxmqy .ecf-form .ecficon-prepend { border-color: #E5E5E5;}\n#ecf-form-agxmqy .ecf-form section {margin-bottom: 20px !important;}\n#ecf-form-agxmqy #form-agxmqy fieldset {background: url(https:\/\/www.franco-media.com\/wp-content\/plugins\/easy-contact-form-pro\/css\/images\/patterns\/pattern-02.png) !important; background-repeat: repeat;}\n#ecf-form-agxmqy {padding: 10px;}\n#ecf-form-agxmqy .ecf-form {color: #00c1cf !important;}\n#ecf-form-agxmqy {max-width: 700px;}\n#ecf-form-agxmqy #form-agxmqy {background: none repeat scroll 0% 0% rgba(255,255,255, 1); border: solid 1px #d6d6d6;}\n#ecf-form-agxmqy #form-agxmqy {box-shadow: 0px 0px 10px rgba(56,56,56, 0.3) !important;}\n#ecf-form-agxmqy #form-agxmqy header {background: none repeat scroll 0% 0% rgba(248,248,248, 1); font-size: 25px !important; font-weight: normal !important; color: #00c1cf; font-family: Open Sans;}\n#ecf-form-agxmqy .ecf-form .label {font-size: 13px !important; font-weight: normal !important; color: #666; font-family: Open Sans;}\n#ecf-form-agxmqy .ecf-form .ecfbutton, #ecf-form-agxmqy .ecf-form .input-file .ecfbutton {font-size: 15px !important; font-weight: normal !important; color: #ffffff; font-family: Open Sans !important;}\n#ecf-form-agxmqy #form-agxmqy footer {background: none repeat scroll 0% 0% rgba(248,248,248, 1);}\n#ecf-form-agxmqy .ecf-form .input input,#ecf-form-agxmqy .ecf-form .select select,#ecf-form-agxmqy .ecf-form .textarea textarea {background: #ffffff;}\n#ecf-form-agxmqy .ecf-form .toggle i:before {background-color: #E8E8E8;}\n#ecf-form-agxmqy .ecf-form .button {background-color: #E8E8E8;}\n#ecf-form-agxmqy .ecf-form .input:hover input,\n#ecf-form-agxmqy .ecf-form .select:hover select,\n#ecf-form-agxmqy .ecf-form .textarea:hover textarea,\n#ecf-form-agxmqy .ecf-form .radio:hover i,\n#ecf-form-agxmqy .ecf-form .checkbox:hover i,\n#ecf-form-agxmqy .ecf-form .toggle:hover i,\n#ecf-form-agxmqy .ecf-form .ui-slider-handle:hover {border-color: #E8E8E8;}\n#ecf-form-agxmqy .ecf-form .ui-slider-handle:hover {border-color: #E8E8E8;}\n#ecf-form-agxmqy .ecf-form .rating input + label:hover,\n#ecf-form-agxmqy .ecf-form .rating input + label:hover ~ label {color: #E8E8E8;}\n#ecf-form-agxmqy .ecf-form .input input:focus,\n#ecf-form-agxmqy .ecf-form .select select:focus,\n#ecf-form-agxmqy .ecf-form .textarea textarea:focus,\n#ecf-form-agxmqy .ecf-form .radio input:focus + i,\n#ecf-form-agxmqy .ecf-form .checkbox input:focus + i,\n#ecf-form-agxmqy .ecf-form .toggle input:focus + i {border-color: #E8E8E8;}\n#ecf-form-agxmqy .ecf-form .radio input + i:after {background-color: #E8E8E8;}\n#ecf-form-agxmqy .ecf-form .checkbox input + i:after {color: #E8E8E8;}\n#ecf-form-agxmqy .ecf-form .radio input:checked + i,\n#ecf-form-agxmqy .ecf-form .checkbox input:checked + i,\n#ecf-form-agxmqy .ecf-form .toggle input:checked + i {border-color: #E8E8E8;}\n#ecf-form-agxmqy .ecf-form .rating input:checked ~ label {color: #E8E8E8;}\n#ecf-form-agxmqy .ecf-form .ecfbutton { background-color: #00c1cf;} #ecf-form-agxmqy .ecf-form .ecfbutton:hover{background-color: #00c1cf;color: #fff; outline:none !important;}\n<\/style>\r\n      <!-- END  Dynamic CSS for Form ID: 1843 -->\r\n\r\n    <!-- START JS for Form ID: 1843 -->\r\n\r\n\t<script type=\"text\/javascript\">\r\n\t\tjQuery(document).ready(function($) {\r\n\r\n\t\tvar agxmqytime = '09:12:58';\r\n\r\n\t\t\t\t$(\"#preloader-agxmqy\").fadeOut(300, function () {\r\n\t\t\t$(\"#ecf-form-agxmqy, #form-agxmqy\").fadeIn(100);\r\n\t\t\t$(\"#form-afflinkagxmqy\").css('display', 'block');\r\n\t\t\t});\r\n\t\t\t\t\tvar maxupsize = '26214400';\r\n\t\t\tvar maxupsizeStr = '25M';\r\n            Ladda.bind('.ladda-button');\r\n\t\t\tvar files;\r\n\r\n\t\t\t$(function() {\r\n\t\t\t\t\t$('input[type=file]').on('change', prepareUpload);\r\n\r\n\t\t\t\t\tfunction prepareUpload(event)\r\n\t\t\t\t\t{\r\n\t\t\t\t\t\tfiles = event.target.files;\r\n\r\n\t\t\t\t\t\t\t\t$.each(files, function(key, value) {\r\n\r\n\t\t\t\t\t\t\t\t\tif ( files != null ) {\r\n\t\t\t\t\t\t\t\t\t\tif (files[key].size > maxupsize ) {\r\n\r\n\t\t\t\t\t\t\t\t\t\t\t  vdialog({\r\n\t\t\t\t\t\t\t\t\t\t\t\t  type: 'error',\r\n\t\t\t\t\t\t\t\t\t\t\t\t  fixed: true,\r\n\t\t\t\t\t\t\t\t\t\t\t\t  title: 'Error',\r\n\t\t\t\t\t\t\t\t\t\t\t\t  okValue: 'OK',\r\n\t\t\t\t\t\t\t\t\t\t\t\t  content: files[key].name+\" exceeds the maximum upload size ( Max: \"+maxupsizeStr+\" )\",\r\n\t\t\t\t\t\t\t\t\t\t\t\t  ok: true,\r\n\t\t\t\t\t\t\t\t\t\t\t\t  }).on('close', function(){\r\n\t\t\t\t\t\t\t\t\t\t\t\t\t  files = null;\r\n\t\t\t\t\t\t\t\t\t\t\t\t\t  }).showModal();\r\n\r\n\r\n\t\t\t\t\t\t\t\t\t\t\tfiles = null;\r\n\r\n\t\t\t\t\t\t\t\t\t\t\t}\r\n\t\t\t\t\t\t\t\t\t\t}\r\n\r\n\t\t\t\t\t\t\t\t\t});\r\n\r\n\t\t\t\t\t\tif ( files != null ) {\r\n\t\t\t\t\t\t\t$('#atcagxmqy').val(files.length+' file(s) selected');\r\n\t\t\t\t\t\t\t} else {\r\n\t\t\t\t\t\t\t\t$('#atcagxmqy').val('');\r\n\t\t\t\t\t\t\t\t}\r\n\r\n\t\t\t\t\t\t}\r\n\r\n\t\t\t\t$(\"#form-agxmqy\").validate(\r\n\t\t\t\t{\r\n\t\t\t\t\trules:\r\n\t\t\t\t\t{\r\n\t\t\t\t\tname0:{required: true},email1:{required: true,email: true},text2:{required: true},message3:{required: true,minlength: 10} ,\r\n\t\t\t\t\t\t\t\r\n\t\t\tcaptcha: {\r\n            \trequired: true,\r\n                remote: 'https:\/\/www.franco-media.com\/wp-content\/plugins\/easy-contact-form-pro\/inc\/functions\/captcha\/process.php?'\r\n\t\t\t\t},\r\n\t\t\t\t\t\t\t},\r\n\t\t\t\t\tmessages:\r\n\t\t\t\t\t{\r\n\t\t\t\t\tname0:{required: \"Ce champ doit-\u00eatre rempli\"},email1:{required: \"Ce champ doit-\u00eatre rempli\"},text2:{required: \"Ce champ doit-\u00eatre rempli\"},message3:{required: \"Ce champ doit-\u00eatre rempli\"}\t\t\t\t\t},\r\n\t\t\t\t\terrorPlacement: function(error, element) {\r\n\r\n\t\t\t\t\t\t\r\n                \tvar newError = $(error).text();\r\n            \t\tif(newError !== ''){\r\n                \t\t$(element).tooltipster('content', newError);\r\n                \t\t$(element).tooltipster('show');\r\n            \t\t\t}\r\n\t\t\t\t\t},\r\n\t\t\t\t\t \t\t\t\t\t submitHandler: function (form) {\r\n                                                    ecf_onsubmit(jQuery('.form-agxmqy'));\r\n                                                 },\r\n\r\n\t\t\t\t\t invalidHandler: function (form) {\r\n                        Ladda.stopAll();\r\n\t\t\t\t\t \t},\r\n\r\n\t\t\t\t\tonkeyup: false,\r\n\t\t\t\t\tonfocusout: false,\r\n\t\t\t\t\tonclick: false\r\n\r\n\t\t\t\t});\r\n\t\t\t});\r\n\r\n\r\n\t\t\t\/* Form Submit ( Ajax ) *\/\r\n\t\t\tfunction ecf_onsubmit(form){\r\n\r\n\t\t\tvar datafiles = new FormData();\r\n\r\n\t\t\t\tif(form.attr('action')=='#'){\r\n\r\n\t\t\t\t\tdata = {};\r\n\t\t\t\t\teldat = [];\r\n\t\t\t\t\tdata['action'] = 'ecf_deliver_mail';\r\n\t\t\t\t\tdata['type'] = 'agxmqy';\r\n\t\t\t\t\tdata['time'] = agxmqytime;\r\n\t\t\t\t\tdata['formid'] = '1843';\r\n\t\t\t\t\tdata['security'] = '135f1c3a2f';\r\n\r\n\t\t\t\t\t$('input, textarea, select, radio, checkbox, file', form).each(function(key){\r\n\r\n\t\t\t\t\t\titems = {};\r\n\r\n\t\t\t\t\t\tif (typeof $(this).data('type') === 'undefined') { return true; }\r\n\t\t\t\t\t\tif ($(this).data('type') == 'radio' && !$(this).is(':checked')) { return true; }\r\n\t\t\t\t\t\tif ($(this).data('type') == 'rating' && !$(this).is(':checked')) { return true; } \/\/ Rating System @since 1.0.7.9\r\n\t\t\t\t\t\tif ($(this).data('type') == 'checkboxes') {\treturn true; }\r\n\t\t\t\t\t\tif ($(this).data('type') == 'address') { return true; }\r\n\t\t\t\t\t\tif ($(this).data('type') == 'daterange') { return true; }\r\n\t\t\t\t\t\tif ($(this).data('type') == 'department') { items['deptemail'] = $(this).find(\":selected\").data('deptemail'); }\r\n\t\t\t\t\t\tif ($(this).data('type') == 'attachment' && typeof files !== 'undefined' ) {\r\n\r\n\t\t\t\t\t\t\tif ( files != null ) {\r\n\t\t\t\t\t\t\t\t$.each(files, function(key, value) {\r\n\r\n\t\t\t\t\t\t\t\t\tdatafiles.append(key, value);\r\n\r\n\t\t\t\t\t\t\t\t\t});\r\n\t\t\t\t\t\t\t\t}\r\n\t\t\t\t\t\t\t}\r\n\r\n\t\t\t\t\t\titems['type'] = $(this).data('type');\r\n\t\t\t\t\t\titems['label'] = $(this).data('label');\r\n\t\t\t\t\t\titems['value'] = this.value;\r\n\t\t\t\t\t\titems['name'] = this.name;\r\n\r\n\t\t\t\t\t\teldat.push(items);\r\n\r\n\r\n\t\t\t\t\t\t});\r\n\r\n\t\t\t\t\t\t\r\n\t\t\t\t\t\tdata['allelmnt'] = JSON.stringify(eldat);\r\n\r\n\t\t\t\tif ( files != null ) {\r\n\r\n\t\t\t\t\tdatafiles.append( 'action', 'ecf_form_uploader' );\r\n\t\t\t\t\tdatafiles.append( 'thefile', JSON.stringify(datafiles) );\r\n\t\t\t\t\tdatafiles.append( 'formid', '1843' );\r\n\t\t\t\t\tdatafiles.append( 'security', '135f1c3a2f' );\r\n\r\n\t\t\t\t\t\tuploadForm(datafiles);\r\n\t\t\t\t\t}\r\n\r\n\t\t\t\t\telse {\r\n\t\t\t\t\t\tdata['attachments'] = null;\r\n\t\t\t\t\t\tsubmitForm('');\r\n\t\t\t\t\t\t}\r\n\r\n\t\t\t\t\treturn false;\r\n\r\n\t\t\t\t}\r\n\r\n\t\t\t}\r\n            \r\n\t\t\t  function submitForm(tdat) {\r\n                  \r\n\t\t\t\tif ( tdat ) {\r\n\t\t\t\t\tdata['attachments'] = JSON.stringify(filedat);\r\n\t\t\t\t\t}\r\n\r\n\t\t\t\t$.ajax({\r\n\t\t\t\t\turl: 'https:\/\/www.franco-media.com\/wp-admin\/admin-ajax.php',\r\n\t\t\t\t\ttype: 'POST',\r\n\t\t\t\t\tdataType: 'json',\r\n\t\t\t\t\tdata: data,\r\n\t\t\t\t\tsuccess: function(data) {\r\n\r\n\t\t\t\t\t\tif(data.Ok==true) {\r\n                            \r\n\t\t\t\t\t\t\t$(\"#form-agxmqy\").get(0).reset();\r\n\t\t\t\t\t\t\t$(\"#form-agxmqy section label\").removeClass('state-success');\r\n\r\n\t\t\t\t\t\t\tif(data.msg == 'redirect') {\r\n\t\t\t\t\t\t\t\twindow.location = \"https:\/\/\";\r\n\t\t\t\t\t\t\t\t} else {\r\n\t\t\t\t\t\t\t\t\tnotifyme('Votre message \u00e0 \u00e9t\u00e9 envoy\u00e9', 'success');\r\n\t\t\t\t\t\t\t\t\t\t\t\t\t\t\t\t}\r\n\r\n\t\t\t\t\t\t\t}\r\n\t\t\t\t\t\t\telse {\r\n\t\t\t\t\t\t\t\t$(\"#form-agxmqy\").get(0).reset();\r\n\t\t\t\t\t\t\t\tnotifyme(data.msg, 'error');\r\n\t\t\t\t\t\t\t\t}\r\n\r\n                            Ladda.stopAll();\r\n\r\n\t\t\t\t\t\t\t}\r\n\t\t\t\t\t\t});\r\n\r\n\r\n\t\t\t\t\t\tfiles = null;\r\n\t\t\t\t\t\tfiledat = null;\r\n\r\n\t\t\t\t\t}\r\n\r\n\t\t\t  function uploadForm(dat) {\r\n\r\n\t\t\t\t\t$('.meter span').css('width','0%');\r\n\r\n       \t\t\t\t$.ajax({\r\n\t\t\t\t\t\t  \txhr: function() {\r\n\t\t\t\t\t\t\t\tvar xhr = new window.XMLHttpRequest();\r\n\r\n\t\t\t\t\t\t\t\txhr.upload.addEventListener(\"progress\", function(evt) {\r\n\t\t\t\t\t\t\t\t\tif (evt.lengthComputable) {\r\n\t\t\t\t\t\t\t\t\t\t$('.meter').fadeIn(500);\r\n\t\t\t\t\t\t\t\t\t\tvar percentComplete = evt.loaded \/ evt.total;\r\n\t\t\t\t\t\t\t\t\t\tpercentComplete = parseInt(percentComplete * 100);\r\n\t\t\t\t\t\t\t\t\t\t$('.meter span').css('width',+percentComplete+'%');\r\n\t\t\t\t\t\t\t\t\t\t}\r\n\t\t\t\t\t\t\t\t}, false);\r\n\r\n\t\t\t\t\t\t\t\treturn xhr;\r\n\t\t\t\t\t\t\t},\r\n            \t\t\t\turl: 'https:\/\/www.franco-media.com\/wp-admin\/admin-ajax.php',\r\n            \t\t\t\ttype: 'POST',\r\n            \t\t\t\tdata: dat,\r\n            \t\t\t\tcache: false,\r\n            \t\t\t\tdataType: 'json',\r\n            \t\t\t\tprocessData: false,\r\n            \t\t\t\tcontentType: false,\r\n            \t\t\t\tsuccess: function(data, textStatus, jqXHR)\r\n            \t\t\t\t{\r\n            \t\t\t\t\tif(data.Ok==true) {\r\n\r\n\t\t\t\t\t\t\t\t\tfileitms = {};\r\n\t\t\t\t\t\t\t\t\tfiledat = [];\r\n\r\n\t\t\t\t\t\t\t\t$.each(data.msg, function(key, value) {\r\n\r\n\t\t\t\t\t\t\t\t\tfiledat.push(value);\r\n\r\n\t\t\t\t\t\t\t\t\t});\r\n\r\n\t\t\t\t\t\t\t\t\tsubmitForm(filedat);\r\n\r\n            \t\t\t\t\t}\r\n\t\t\t\t\t\t\t\telse if (data.Ok==false) {\r\n\t\t\t\t\t\t\t\t\t$(\"#form-agxmqy\").get(0).reset();\r\n\t\t\t\t\t\t\t\t\tnotifyme(data.msg, 'error');\r\n\t\t\t\t\t\t\t\t\tLadda.stopAll();\r\n\t\t\t\t\t\t\t\t\t}\r\n            \t\t\t\t\t\telse {\r\n\t\t\t\t\t\t\t\t\t\tif ( jqXHR.responseText == '0') {\r\n\t\t\t\t\t\t\t\t\t\t\t$(\"#form-agxmqy\").get(0).reset();\r\n\t\t\t\t\t\t\t\t\t\t\tnotifyme('File too large. File must be less than '+maxupsizeStr+'.', 'error');\r\n\t\t\t\t\t\t\t\t\t\t\t}\r\n                                        Ladda.stopAll();\r\n            \t\t\t\t\t\t\t}\r\n\t\t\t\t\t\t\t\t$('.meter').fadeOut(500);\r\n            \t\t\t\t},\r\n            \t\t\t\terror: function(jqXHR, textStatus, errorThrown)\r\n            \t\t\t\t{\r\n\t\t\t\t\t\t\t\t$('.meter').fadeOut(500);\r\n\t\t\t\t\t\t\t\tLadda.stopAll();\r\n\t\t\t\t\t\t\t\tnotifyme('There was an error uploading your files.', 'error');\r\n            \t\t\t\t}\r\n        \t\t\t\t});\r\n\r\n\r\n\t\t\t\t\t\tfiles = null;\r\n\t\t\t\t\t\tfiledat = null;\r\n\r\n\t\t\t\t\t}\r\n\r\n\t\t\t  function notifyme(msg, typ) {\r\n\r\n\t\t\t\t  var title = (typ == 'success' ? 'sent' : typ);\r\n\r\n\t\t\t\t  vdialog({\r\n\t\t\t\t\t  type: typ,\r\n\t\t\t\t\t  fixed: true,\r\n\t\t\t\t\t  title: title,\r\n\t\t\t\t\t  okValue: 'OK',\r\n\t\t\t\t\t  content: msg,\r\n\t\t\t\t\t  ok: true,\r\n\t\t\t\t\t  }).on('close', function(){\r\n\t\t\t\t\t\t  msg = null;\r\n\t\t\t\t\t\t  typ = null;\r\n\t\t\t\t\t\t  }).showModal();\r\n\r\n\t\t\t\t\t  msg = null;\r\n\t\t\t\t\t  typ = null;\r\n\r\n\t\t\t\t\t}\r\n\r\n\t\t\t\t$('#form-agxmqy input, #form-agxmqy textarea, #form-agxmqy select, #form-agxmqy radio, #form-agxmqy checkbox, #form-agxmqy file').tooltipster({\r\n\t\t\t\ttrigger: 'custom',\r\n\t\t\t\ttheme: 'tooltipster-default',\r\n\t\t\t\tanimation: 'usedefault',\r\n\t\t\t\tautoClose: true,\r\n\t\t\t\tonlyOne: false,\r\n\t\t\t\ttimer: 3000,\r\n\t\t\t\tposition: 'top-right'\r\n\t\t\t});\r\n\r\n\t\t\t\r\n\t\t});\r\n\t\t<\/script>\r\n    <!-- END JS for Form ID: 1843 -->\r\n\r\n<!-- START Form Markup for Form ID: 1843 -->\r\n\r\n\t\r\n\t<div id=\"preloader-agxmqy\" class=\"ecfpreloader\" style=\" \"><\/div>\r\n\r\n        <div id=\"ecf-form-agxmqy\" class=\"ecf-body \" style=\" \">\r\n    \t\t<form style=\" display: none !important;\" method=\"post\" enctype=\"multipart\/form-data\" action=\"#\" id=\"form-agxmqy\" class=\"ecf-form form-agxmqy\">\r\n        \t<header style=\"\">Golf Pro Shop @Phuket Country Club<\/header>    \t\t<fieldset>\r\n    <section><label class=\"label\">Nom<\/label><label class=\"input\"><i class=\"ecficon-prepend fa fa-user\"><\/i><input data-type=\"name\" data-label=\"Nom\" id=\"name0\" type=\"text\" name=\"name0\" \/><\/label><\/section><section><label class=\"label\">Votre e-mail<\/label><label class=\"input\"><i class=\"ecficon-prepend fa fa-envelope-o\"><\/i><input data-type=\"email\" data-label=\"Votre e-mail\" id=\"email1\" type=\"text\" name=\"email1\" \/><\/label><\/section><section><label class=\"label\">Sujet<\/label><label class=\"input\"><i class=\"ecficon-prepend fa fa-asterisk\"><\/i><input data-type=\"text\" data-label=\"Sujet\" id=\"text2\" type=\"text\" name=\"text2\" \/><\/label><\/section><section><label class=\"label\">Message<\/label><label class=\"textarea\"><i class=\"ecficon-prepend fa fa-comment\"><\/i><textarea data-type=\"message\" data-label=\"Message\" id=\"message3\" name=\"message3\" rows=\"7\" ><\/textarea><\/label><\/section>\t\t\t\t\t<section class=\"recaptcha_mode\">\r\n\t\t\t\t\t\t<label class=\"label\">Entrez les charact\u00e8res ci-dessous<\/label>\r\n\r\n                      \t\t\t\r\n        <label class=\"input input-captcha input-captcha-simple\">\r\n        \t<img loading=\"lazy\" decoding=\"async\" src=\"https:\/\/www.franco-media.com\/wp-content\/plugins\/easy-contact-form-pro\/inc\/functions\/captcha\/image.php?1776546778\" width=\"100\" height=\"35\" alt=\"Captcha image\" \/><span class=\"refresh-captcha\" title=\"Click to Refresh Captcha\"><\/span>\r\n        \t<input type=\"text\" maxlength=\"6\" name=\"captcha\" id=\"captcha\">\r\n        <\/label>\r\n        \r\n    <script type=\"text\/javascript\">\r\n\t\/*<![CDATA[*\/\r\n\tif (typeof ecf_c_reload === 'undefined') var ecf_c_reload = 'https:\/\/www.franco-media.com\/wp-content\/plugins\/easy-contact-form-pro\/inc\/functions\/captcha\/image.php?';\r\n    \/*]]>*\/<\/script>\r\n        \r\n\t\t\r\n\t\t\t\t\t<\/section>\r\n             \t\t\t\t\t<section>\r\n\r\n                        <label style=\"font-size:100% !important; font-style:italic !important;\" class=\"checkbox\"><input value=\"nosendcopy\" data-type=\"checkboxcopy\" type=\"checkbox\" name=\"checkbox-1843\"><i><\/i>M'envoyer une copie du message<\/label>\r\n\r\n\t\t\t\t\t<script type=\"text\/javascript\">\r\n\r\n\t\t\t\t\tjQuery(document).ready(function($) {\r\n\r\n\t\t\t\t\t\t$('input[name=checkbox-1843]').change(function () {\r\n\r\n\t\t\t\t\t\t\tif ($(this).is(\":checked\")) {\r\n\r\n\t\t\t\t\t\t\t\t$(this).val('sendcopy');\r\n\r\n\t\t\t\t\t\t\t\treturn;\r\n\r\n\t\t\t\t\t\t\t\t} else {\r\n\r\n\t\t\t\t\t\t\t\t\t$(this).val('nosendcopy');\r\n\r\n\t\t\t\t\t\t\t\t\treturn;\r\n\r\n\t\t\t\t\t\t\t\t\t}\r\n\t\t\t\t\t\t\t});\r\n\r\n\t\t\t\t\t\t});\r\n\r\n                     <\/script>\r\n\r\n\t\t\t\t\t<\/section>\r\n             \r\n       \t\t <\/fieldset>\r\n        \t\t<footer>\r\n                    <button data-style=\"slide-down\" id=\"cf-submittedagxmqy\" class=\"ecfbutton ladda-button\" type=\"submit\" name=\"cf-submittedagxmqy\"><span class=\"ladda-label\">ENVOYER<\/span><\/button>\r\n\t\t\t\t<\/footer>\r\n\t\t\t<\/form>\r\n\r\n                                    <\/div>\r\n<!-- END Form Markup for Form ID: 1843 -->\r\n\r\n\r\n    <!-- START Custom CSS for Form ID: 1843 -->\r\n    <style>\r\n\t    <\/style>\r\n    <!-- END  Custom CSS for Form ID: 1843 -->\r\n\r\n    <!-- START Custom JS for Form ID: 1843 -->\r\n    <script type=\"text\/javascript\">\r\n\tjQuery(document).ready(function ($) {\r\n\t\t});\r\n    <\/script>\r\n    <!-- END  Custom JS for Form ID: 1843 -->\r\n\r\n\r\n\t\r\n\t\t[\/vc_column_text][vc_separator][\/vc_column][\/vc_row][vc_row][vc_column width=&#8221;1\/2&#8243;][vc_gmaps link=&#8221;#E-8_JTNDaWZyYW1lJTIwc3JjJTNEJTIyaHR0cHMlM0ElMkYlMkZ3d3cuZ29vZ2xlLmNvbSUyRm1hcHMlMkZlbWJlZCUzRnBiJTNEJTIxMW0xOCUyMTFtMTIlMjExbTMlMjExZDM5NTEuOTI4ODkwODA0NDI2JTIxMmQ5OC4zNDE1ODMzMTQ3MDM2JTIxM2Q3LjkwMjQ5Nzk5NDMwNzA4ODUlMjEybTMlMjExZjAlMjEyZjAlMjEzZjAlMjEzbTIlMjExaTEwMjQlMjEyaTc2OCUyMTRmMTMuMSUyMTNtMyUyMTFtMiUyMTFzMHgzMDUwMzAzNzM3NTU4YjlkJTI1M0EweDkyMzMyMzliMjliZmNlOGIlMjEyelVHaDFhMlYwSUVOdmRXNTBjbmtnUTJ4MVlpRGd1S0RndUxuZ3VZRGd1SUhndVlmZ3VKVWc0TGlFNExpeDRMaVo0TGlYNExpajRMaTE0TGlFNExpbDRMaXg0TGlhJTIxNWUwJTIxM20yJTIxMXNlbiUyMTJzdGglMjE0djE1MjczODU1ODUyNTUlMjIlMjB3aWR0aCUzRCUyMjYwMCUyMiUyMGhlaWdodCUzRCUyMjMwMCUyMiUyMGZyYW1lYm9yZGVyJTNEJTIyMCUyMiUyMHN0eWxlJTNEJTIyYm9yZGVyJTNBMCUyMiUyMGFsbG93ZnVsbHNjcmVlbiUzRSUzQyUyRmlmcmFtZSUzRQ==&#8221;][\/vc_column][vc_column width=&#8221;1\/2&#8243;][vc_column_text]<i class=\"fa fa-phone\"><span style=\"color: transparent; display: none;\">icon-phone<\/span><\/i>\u00a0+66 (0)76 319 200 \u2013 04<br \/>\n<i class=\"fa fa-envelope\"><span style=\"color: transparent; display: none;\">icon-envelope<\/span><\/i> <a href=\"mailto:golfshop@phuketcountryclub.com\">golfshop@phuketcountryclub.com<\/a><br \/>\n<i class=\"fa fa-external-link-square\"><span style=\"color: transparent; display: none;\">icon-external-link-square<\/span><\/i>\u00a0<a href=\"https:\/\/www.phuketcountryclub.com\">www.phuketcountryclub.com<\/a><br \/>\n<i class=\"fa fa-facebook\"><span style=\"color: transparent; display: none;\">icon-facebook<\/span><\/i> <a href=\"https:\/\/www.facebook.com\/pages\/Phuket-Country-Club\/177056945664324\">Phuket Country Club<\/a><\/p>\n<p><strong>Phuket Golf Pro Shop<\/strong><br \/>\n<strong>Phuket:<\/strong> 80\/1 Moo 7, Vichitsongkram Raod, Katu, Phuket 83120[\/vc_column_text][\/vc_column][\/vc_row][vc_row][vc_column][vc_custom_heading text=&#8221;Our articles&#8221; font_container=&#8221;tag:h4|text_align:left&#8221; use_theme_fonts=&#8221;yes&#8221; css=&#8221;&#8221;][vc_separator][\/vc_column][\/vc_row]\n<\/div>","protected":false},"excerpt":{"rendered":"<p>In this establishment, patrons are granted the autonomy to conduct their shopping unencumbered by unsolicited recommendations or product suggestions, unless they request such assistance. Managed by Michael Glass, a New Yorker at the helm for thirty-eight years in Phuket, this venue also serves as<\/p>\n","protected":false},"author":1,"featured_media":2906,"parent":157802,"menu_order":0,"comment_status":"closed","ping_status":"closed","template":"page-templates\/child-menu.php","meta":{"footnotes":""},"class_list":["post-158906","page","type-page","status-publish","has-post-thumbnail","hentry"],"_links":{"self":[{"href":"https:\/\/www.franco-media.com\/en\/wp-json\/wp\/v2\/pages\/158906","targetHints":{"allow":["GET"]}}],"collection":[{"href":"https:\/\/www.franco-media.com\/en\/wp-json\/wp\/v2\/pages"}],"about":[{"href":"https:\/\/www.franco-media.com\/en\/wp-json\/wp\/v2\/types\/page"}],"author":[{"embeddable":true,"href":"https:\/\/www.franco-media.com\/en\/wp-json\/wp\/v2\/users\/1"}],"replies":[{"embeddable":true,"href":"https:\/\/www.franco-media.com\/en\/wp-json\/wp\/v2\/comments?post=158906"}],"version-history":[{"count":0,"href":"https:\/\/www.franco-media.com\/en\/wp-json\/wp\/v2\/pages\/158906\/revisions"}],"up":[{"embeddable":true,"href":"https:\/\/www.franco-media.com\/en\/wp-json\/wp\/v2\/pages\/157802"}],"wp:featuredmedia":[{"embeddable":true,"href":"https:\/\/www.franco-media.com\/en\/wp-json\/wp\/v2\/media\/2906"}],"wp:attachment":[{"href":"https:\/\/www.franco-media.com\/en\/wp-json\/wp\/v2\/media?parent=158906"}],"curies":[{"name":"wp","href":"https:\/\/api.w.org\/{rel}","templated":true}]}}