{"id":157327,"date":"2024-05-17T12:26:11","date_gmt":"2024-05-17T05:26:11","guid":{"rendered":"https:\/\/www.franco-media.com\/?page_id=157327"},"modified":"2026-02-14T11:48:40","modified_gmt":"2026-02-14T04:48:40","slug":"shopping-phuket-thailand","status":"publish","type":"page","link":"https:\/\/www.franco-media.com\/en\/shopping-phuket-thailand\/","title":{"rendered":"Shopping in Phuket"},"content":{"rendered":"<div class=\"wpb-content-wrapper\">[vc_row][vc_column][vc_single_image image=&#8221;5833&#8243; img_size=&#8221;full&#8221; onclick=&#8221;custom_link&#8221; link=&#8221;https:\/\/www.franco-media.com\/shopping-a-phuket\/mister-singh-fashion-gallery&#8221;][vc_custom_heading text=&#8221;Shopping in Phuket&#8221; font_container=&#8221;tag:h1|text_align:left&#8221; use_theme_fonts=&#8221;yes&#8221; css=&#8221;&#8221;][\/vc_column][\/vc_row][vc_row][vc_column][vc_column_text css=&#8221;&#8221;]The island of Phuket in Thailand has become a flourishing commercial center in recent years, with a multitude of large shopping centers that have sprouted up across the island. There is something for everyone, from high-end luxury stores to large department stores, as well as hypermarkets that are now scattered throughout the island.<\/p>\n<p>Among the most popular, Central Festival in Phuket Town and Jungceylon in Patong can be mentioned, which offer a high-end shopping experience, as well as places like Big C, Tesco Lotus, and Super Cheap, which are ideal choices for everyday purchases. If you are looking to indulge in shopping on the island of Phuket, then do not miss these essential destinations ![\/vc_column_text][vc_row_inner el_id=&#8221;Regions&#8221;][vc_column_inner][vc_tta_accordion title_tag=&#8221;h4&#8243; style=&#8221;outline&#8221; shape=&#8221;round&#8221; color=&#8221;peacoc&#8221; gap=&#8221;1&#8243; c_align=&#8221;center&#8221; c_icon=&#8221;&#8221; active_section=&#8221;0&#8243; collapsible_all=&#8221;true&#8221; title=&#8221;Search by Regions&#8221;][vc_tta_section title=&#8221;Cherngtalay&#8221; tab_id=&#8221;1519042905618-b370b2d3-94e2&#8243;][vc_basic_grid post_type=&#8221;ids&#8221; element_width=&#8221;6&#8243; item=&#8221;166061&#8243; css=&#8221;&#8221; grid_id=&#8221;vc_gid:1771043064502-587b8af3c63945fe3733c78f17bb22cf-6&#8243; include=&#8221;277326, 204121, 196094, 275884, 195990, 195940, 195534&#8243;][\/vc_tta_section][vc_tta_section title=&#8221;Patong&#8221; tab_id=&#8221;1475318863354-60a2f018-bea0a984-fb9e&#8221;][vc_basic_grid post_type=&#8221;ids&#8221; element_width=&#8221;6&#8243; item=&#8221;34471&#8243; css=&#8221;&#8221; grid_id=&#8221;vc_gid:1771043064530-46387a561d8cbe9fa15835bf0fe371a9-9&#8243; include=&#8221;158938, 164293&#8243;][\/vc_tta_section][vc_tta_section title=&#8221;Phuket Town&#8221; tab_id=&#8221;1517848758095-21d1fa9d-bba4&#8243;][vc_basic_grid post_type=&#8221;ids&#8221; element_width=&#8221;6&#8243; item=&#8221;166064&#8243; css=&#8221;&#8221; grid_id=&#8221;vc_gid:1771043064556-4dbd2e618773e0289cf360933d3706a1-4&#8243; include=&#8221;158920&#8243;][\/vc_tta_section][vc_tta_section title=&#8221;Kathu&#8221; tab_id=&#8221;1563627916307-ab377781-7b57&#8243;][vc_basic_grid post_type=&#8221;ids&#8221; element_width=&#8221;6&#8243; item=&#8221;166064&#8243; css=&#8221;&#8221; grid_id=&#8221;vc_gid:1771043064578-8110f1394392adbb1c11183cc0757489-4&#8243; include=&#8221;158906&#8243;][vc_column_text css=&#8221;&#8221;]I am text block. Click edit button to change this text. Lorem ipsum dolor sit amet, consectetur adipiscing elit. Ut elit tellus, luctus nec ullamcorper mattis, pulvinar dapibus leo.[\/vc_column_text][vc_custom_heading][\/vc_tta_section][\/vc_tta_accordion][vc_custom_heading text=&#8221;Or keep browsing &#8230;&#8221; font_container=&#8221;tag:h4|text_align:left&#8221; use_theme_fonts=&#8221;yes&#8221; css=&#8221;&#8221;][\/vc_column_inner][\/vc_row_inner][\/vc_column][\/vc_row][vc_row][vc_column][vc_custom_heading text=&#8221;All Regions &#8230;&#8221; use_theme_fonts=&#8221;yes&#8221; css=&#8221;&#8221;][vc_basic_grid post_type=&#8221;ids&#8221; element_width=&#8221;6&#8243; item=&#8221;166061&#8243; initial_loading_animation=&#8221;none&#8221; css=&#8221;&#8221; grid_id=&#8221;vc_gid:1771043064677-b146ad53744c404723c78d80d1d9b5f6-8&#8243; include=&#8221;277326, 197090, 196094, 275884, 195990, 195940, 195534, 171012, 1939, 164293&#8243;][\/vc_column][\/vc_row][vc_row content_placement=&#8221;middle&#8221; css=&#8221;.vc_custom_1771044227788{margin-right: 30px !important;margin-left: 30px !important;border-top-width: 3px !important;border-right-width: 3px !important;border-bottom-width: 3px !important;border-left-width: 3px !important;border-left-style: solid !important;border-right-style: solid !important;border-top-style: solid !important;border-bottom-style: solid !important;border-radius: 10px !important;border-color: #BD0098 !important;}&#8221;][vc_column width=&#8221;1\/2&#8243;][vc_column_text css_animation=&#8221;fadeInDown&#8221; css=&#8221;&#8221;]\n<h4 style=\"text-align: center;\"><span style=\"color: #bd0098;\"><strong>List your Business<\/strong><\/span><\/h4>\n<p style=\"text-align: center;\">Reach up to <strong>7,000+<\/strong> Visitors Daily<\/p>\n[\/vc_column_text][\/vc_column][vc_column width=&#8221;1\/2&#8243;][vc_btn title=&#8221;Get your page listed&#8221; style=&#8221;custom&#8221; custom_background=&#8221;#BD0098&#8243; custom_text=&#8221;#FFFFFF&#8221; align=&#8221;center&#8221; css_animation=&#8221;fadeInRight&#8221; css=&#8221;&#8221; link=&#8221;url:https%3A%2F%2Fwww.franco-media.com%2Fen%2Fcontact-us%2F|title:Contact%20Us&#8221;][\/vc_column][\/vc_row][vc_row][vc_column][vc_custom_heading text=&#8221;Articles and reviews&#8221; use_theme_fonts=&#8221;yes&#8221; css=&#8221;&#8221;][vc_basic_grid post_type=&#8221;ids&#8221; element_width=&#8221;6&#8243; item=&#8221;34471&#8243; css=&#8221;&#8221; grid_id=&#8221;vc_gid:1771043064734-649815aefd3af4fb7f1a11a53abd49fa-6&#8243; include=&#8221;276866, 204191, 204632, 204174, 204011, 204233&#8243;][\/vc_column][\/vc_row][vc_row][vc_column][vc_separator][vc_column_text]<span><span><a href=\"https:\/\/www.franco-media.com\/en\/\">Home<\/a><\/span><\/span>[\/vc_column_text][\/vc_column][\/vc_row]\n<\/div>","protected":false},"excerpt":{"rendered":"<p>The island of Phuket in Thailand has become a flourishing commercial center in recent years, with a multitude of large shopping centers that have sprouted up across the island. There is something for everyone, from high-end luxury stores to large department stores, as well as hypermarkets that&#8230;<\/p>\n","protected":false},"author":1,"featured_media":3293,"parent":0,"menu_order":0,"comment_status":"closed","ping_status":"closed","template":"","meta":{"footnotes":""},"class_list":["post-157327","page","type-page","status-publish","has-post-thumbnail","hentry"],"yoast_head":"<!-- This site is optimized with the Yoast SEO Premium plugin v27.5 (Yoast SEO v27.5) - https:\/\/yoast.com\/product\/yoast-seo-premium-wordpress\/ -->\n<title>Shopping at the department stores in Phuket - wide variety<\/title>\n<meta name=\"description\" content=\"The Central Festival Phuket is a fully air-conditioned shopping center located just outside of Phuket City (Phuket Town). If you are coming from Patong.\" \/>\n<meta name=\"robots\" content=\"index, follow, max-snippet:-1, max-image-preview:large, max-video-preview:-1\" \/>\n<link rel=\"canonical\" href=\"https:\/\/www.franco-media.com\/en\/shopping-phuket-thailand\/\" \/>\n<meta property=\"og:locale\" content=\"en_US\" \/>\n<meta property=\"og:type\" content=\"article\" \/>\n<meta property=\"og:title\" content=\"Shopping in Phuket\" \/>\n<meta property=\"og:description\" content=\"The Central Festival Phuket is a fully air-conditioned shopping center located just outside of Phuket City (Phuket Town). If you are coming from Patong.\" \/>\n<meta property=\"og:url\" content=\"https:\/\/www.franco-media.com\/en\/shopping-phuket-thailand\/\" \/>\n<meta property=\"og:site_name\" content=\"Phuket Francophone Magazine\" \/>\n<meta property=\"article:modified_time\" content=\"2026-02-14T04:48:40+00:00\" \/>\n<meta property=\"og:image\" content=\"https:\/\/www.franco-media.com\/wp-content\/uploads\/2018\/03\/Phuket-shopping-1.jpg\" \/>\n\t<meta property=\"og:image:width\" content=\"1500\" \/>\n\t<meta property=\"og:image:height\" content=\"1000\" \/>\n\t<meta property=\"og:image:type\" content=\"image\/jpeg\" \/>\n<meta name=\"twitter:card\" content=\"summary_large_image\" \/>\n<meta name=\"twitter:label1\" content=\"Est. reading time\" \/>\n\t<meta name=\"twitter:data1\" content=\"3 minutes\" \/>\n<script type=\"application\/ld+json\" class=\"yoast-schema-graph\">{\"@context\":\"https:\\\/\\\/schema.org\",\"@graph\":[{\"@type\":\"WebPage\",\"@id\":\"https:\\\/\\\/www.franco-media.com\\\/en\\\/shopping-phuket-thailand\\\/\",\"url\":\"https:\\\/\\\/www.franco-media.com\\\/en\\\/shopping-phuket-thailand\\\/\",\"name\":\"Shopping at the department stores in Phuket - wide variety\",\"isPartOf\":{\"@id\":\"https:\\\/\\\/www.franco-media.com\\\/en\\\/#website\"},\"primaryImageOfPage\":{\"@id\":\"https:\\\/\\\/www.franco-media.com\\\/en\\\/shopping-phuket-thailand\\\/#primaryimage\"},\"image\":{\"@id\":\"https:\\\/\\\/www.franco-media.com\\\/en\\\/shopping-phuket-thailand\\\/#primaryimage\"},\"thumbnailUrl\":\"https:\\\/\\\/www.franco-media.com\\\/wp-content\\\/uploads\\\/2018\\\/03\\\/Phuket-shopping-1.jpg\",\"datePublished\":\"2024-05-17T05:26:11+00:00\",\"dateModified\":\"2026-02-14T04:48:40+00:00\",\"description\":\"The Central Festival Phuket is a fully air-conditioned shopping center located just outside of Phuket City (Phuket Town). If you are coming from Patong.\",\"breadcrumb\":{\"@id\":\"https:\\\/\\\/www.franco-media.com\\\/en\\\/shopping-phuket-thailand\\\/#breadcrumb\"},\"inLanguage\":\"en-US\",\"potentialAction\":[{\"@type\":\"ReadAction\",\"target\":[\"https:\\\/\\\/www.franco-media.com\\\/en\\\/shopping-phuket-thailand\\\/\"]}]},{\"@type\":\"ImageObject\",\"inLanguage\":\"en-US\",\"@id\":\"https:\\\/\\\/www.franco-media.com\\\/en\\\/shopping-phuket-thailand\\\/#primaryimage\",\"url\":\"https:\\\/\\\/www.franco-media.com\\\/wp-content\\\/uploads\\\/2018\\\/03\\\/Phuket-shopping-1.jpg\",\"contentUrl\":\"https:\\\/\\\/www.franco-media.com\\\/wp-content\\\/uploads\\\/2018\\\/03\\\/Phuket-shopping-1.jpg\",\"width\":1500,\"height\":1000,\"caption\":\"Shopping a Phuket\"},{\"@type\":\"BreadcrumbList\",\"@id\":\"https:\\\/\\\/www.franco-media.com\\\/en\\\/shopping-phuket-thailand\\\/#breadcrumb\",\"itemListElement\":[{\"@type\":\"ListItem\",\"position\":1,\"name\":\"Home\",\"item\":\"https:\\\/\\\/www.franco-media.com\\\/en\\\/\"},{\"@type\":\"ListItem\",\"position\":2,\"name\":\"Shopping in Phuket\"}]},{\"@type\":\"WebSite\",\"@id\":\"https:\\\/\\\/www.franco-media.com\\\/en\\\/#website\",\"url\":\"https:\\\/\\\/www.franco-media.com\\\/en\\\/\",\"name\":\"Phuket Francophone Magazine\",\"description\":\"Informations g\u00e9n\u00e9rales sur Phuket, Tha\u00eflande\",\"publisher\":{\"@id\":\"https:\\\/\\\/www.franco-media.com\\\/en\\\/#organization\"},\"potentialAction\":[{\"@type\":\"SearchAction\",\"target\":{\"@type\":\"EntryPoint\",\"urlTemplate\":\"https:\\\/\\\/www.franco-media.com\\\/en\\\/?s={search_term_string}\"},\"query-input\":{\"@type\":\"PropertyValueSpecification\",\"valueRequired\":true,\"valueName\":\"search_term_string\"}}],\"inLanguage\":\"en-US\"},{\"@type\":\"Organization\",\"@id\":\"https:\\\/\\\/www.franco-media.com\\\/en\\\/#organization\",\"name\":\"Phuket Francophone Magazine\",\"url\":\"https:\\\/\\\/www.franco-media.com\\\/en\\\/\",\"logo\":{\"@type\":\"ImageObject\",\"inLanguage\":\"en-US\",\"@id\":\"https:\\\/\\\/www.franco-media.com\\\/en\\\/#\\\/schema\\\/logo\\\/image\\\/\",\"url\":\"https:\\\/\\\/www.franco-media.com\\\/wp-content\\\/uploads\\\/2019\\\/08\\\/cropped-LOGO-transp.png\",\"contentUrl\":\"https:\\\/\\\/www.franco-media.com\\\/wp-content\\\/uploads\\\/2019\\\/08\\\/cropped-LOGO-transp.png\",\"width\":1606,\"height\":696,\"caption\":\"Phuket Francophone Magazine\"},\"image\":{\"@id\":\"https:\\\/\\\/www.franco-media.com\\\/en\\\/#\\\/schema\\\/logo\\\/image\\\/\"}}]}<\/script>\n<!-- \/ Yoast SEO Premium plugin. -->","yoast_head_json":{"title":"Shopping at the department stores in Phuket - wide variety","description":"The Central Festival Phuket is a fully air-conditioned shopping center located just outside of Phuket City (Phuket Town). If you are coming from Patong.","robots":{"index":"index","follow":"follow","max-snippet":"max-snippet:-1","max-image-preview":"max-image-preview:large","max-video-preview":"max-video-preview:-1"},"canonical":"https:\/\/www.franco-media.com\/en\/shopping-phuket-thailand\/","og_locale":"en_US","og_type":"article","og_title":"Shopping in Phuket","og_description":"The Central Festival Phuket is a fully air-conditioned shopping center located just outside of Phuket City (Phuket Town). If you are coming from Patong.","og_url":"https:\/\/www.franco-media.com\/en\/shopping-phuket-thailand\/","og_site_name":"Phuket Francophone Magazine","article_modified_time":"2026-02-14T04:48:40+00:00","og_image":[{"width":1500,"height":1000,"url":"https:\/\/www.franco-media.com\/wp-content\/uploads\/2018\/03\/Phuket-shopping-1.jpg","type":"image\/jpeg"}],"twitter_card":"summary_large_image","twitter_misc":{"Est. reading time":"3 minutes"},"schema":{"@context":"https:\/\/schema.org","@graph":[{"@type":"WebPage","@id":"https:\/\/www.franco-media.com\/en\/shopping-phuket-thailand\/","url":"https:\/\/www.franco-media.com\/en\/shopping-phuket-thailand\/","name":"Shopping at the department stores in Phuket - wide variety","isPartOf":{"@id":"https:\/\/www.franco-media.com\/en\/#website"},"primaryImageOfPage":{"@id":"https:\/\/www.franco-media.com\/en\/shopping-phuket-thailand\/#primaryimage"},"image":{"@id":"https:\/\/www.franco-media.com\/en\/shopping-phuket-thailand\/#primaryimage"},"thumbnailUrl":"https:\/\/www.franco-media.com\/wp-content\/uploads\/2018\/03\/Phuket-shopping-1.jpg","datePublished":"2024-05-17T05:26:11+00:00","dateModified":"2026-02-14T04:48:40+00:00","description":"The Central Festival Phuket is a fully air-conditioned shopping center located just outside of Phuket City (Phuket Town). If you are coming from Patong.","breadcrumb":{"@id":"https:\/\/www.franco-media.com\/en\/shopping-phuket-thailand\/#breadcrumb"},"inLanguage":"en-US","potentialAction":[{"@type":"ReadAction","target":["https:\/\/www.franco-media.com\/en\/shopping-phuket-thailand\/"]}]},{"@type":"ImageObject","inLanguage":"en-US","@id":"https:\/\/www.franco-media.com\/en\/shopping-phuket-thailand\/#primaryimage","url":"https:\/\/www.franco-media.com\/wp-content\/uploads\/2018\/03\/Phuket-shopping-1.jpg","contentUrl":"https:\/\/www.franco-media.com\/wp-content\/uploads\/2018\/03\/Phuket-shopping-1.jpg","width":1500,"height":1000,"caption":"Shopping a Phuket"},{"@type":"BreadcrumbList","@id":"https:\/\/www.franco-media.com\/en\/shopping-phuket-thailand\/#breadcrumb","itemListElement":[{"@type":"ListItem","position":1,"name":"Home","item":"https:\/\/www.franco-media.com\/en\/"},{"@type":"ListItem","position":2,"name":"Shopping in Phuket"}]},{"@type":"WebSite","@id":"https:\/\/www.franco-media.com\/en\/#website","url":"https:\/\/www.franco-media.com\/en\/","name":"Phuket Francophone Magazine","description":"Informations g\u00e9n\u00e9rales sur Phuket, Tha\u00eflande","publisher":{"@id":"https:\/\/www.franco-media.com\/en\/#organization"},"potentialAction":[{"@type":"SearchAction","target":{"@type":"EntryPoint","urlTemplate":"https:\/\/www.franco-media.com\/en\/?s={search_term_string}"},"query-input":{"@type":"PropertyValueSpecification","valueRequired":true,"valueName":"search_term_string"}}],"inLanguage":"en-US"},{"@type":"Organization","@id":"https:\/\/www.franco-media.com\/en\/#organization","name":"Phuket Francophone Magazine","url":"https:\/\/www.franco-media.com\/en\/","logo":{"@type":"ImageObject","inLanguage":"en-US","@id":"https:\/\/www.franco-media.com\/en\/#\/schema\/logo\/image\/","url":"https:\/\/www.franco-media.com\/wp-content\/uploads\/2019\/08\/cropped-LOGO-transp.png","contentUrl":"https:\/\/www.franco-media.com\/wp-content\/uploads\/2019\/08\/cropped-LOGO-transp.png","width":1606,"height":696,"caption":"Phuket Francophone Magazine"},"image":{"@id":"https:\/\/www.franco-media.com\/en\/#\/schema\/logo\/image\/"}}]}},"_links":{"self":[{"href":"https:\/\/www.franco-media.com\/en\/wp-json\/wp\/v2\/pages\/157327","targetHints":{"allow":["GET"]}}],"collection":[{"href":"https:\/\/www.franco-media.com\/en\/wp-json\/wp\/v2\/pages"}],"about":[{"href":"https:\/\/www.franco-media.com\/en\/wp-json\/wp\/v2\/types\/page"}],"author":[{"embeddable":true,"href":"https:\/\/www.franco-media.com\/en\/wp-json\/wp\/v2\/users\/1"}],"replies":[{"embeddable":true,"href":"https:\/\/www.franco-media.com\/en\/wp-json\/wp\/v2\/comments?post=157327"}],"version-history":[{"count":5,"href":"https:\/\/www.franco-media.com\/en\/wp-json\/wp\/v2\/pages\/157327\/revisions"}],"predecessor-version":[{"id":280069,"href":"https:\/\/www.franco-media.com\/en\/wp-json\/wp\/v2\/pages\/157327\/revisions\/280069"}],"wp:featuredmedia":[{"embeddable":true,"href":"https:\/\/www.franco-media.com\/en\/wp-json\/wp\/v2\/media\/3293"}],"wp:attachment":[{"href":"https:\/\/www.franco-media.com\/en\/wp-json\/wp\/v2\/media?parent=157327"}],"curies":[{"name":"wp","href":"https:\/\/api.w.org\/{rel}","templated":true}]}}